{"id":5153,"date":"2023-03-23T12:51:33","date_gmt":"2023-03-23T12:51:33","guid":{"rendered":"\/?page_id=5153"},"modified":"2023-06-01T16:09:34","modified_gmt":"2023-06-01T16:09:34","slug":"instructions-for-building-in-the-climate-cabinet","status":"publish","type":"page","link":"https:\/\/coolvaria.com\/de\/anleitung-zum-einbau-des-klimaschranks\/","title":{"rendered":"Anleitung zum Einbau des Klimaschranks"},"content":{"rendered":"<div data-elementor-type=\"wp-page\" data-elementor-id=\"5153\" class=\"elementor elementor-5153\">\n\t\t\t\t\t\t\t\t\t<section class=\"elementor-section elementor-top-section elementor-element elementor-element-f98417d elementor-section-boxed elementor-section-height-default elementor-section-height-default\" data-id=\"f98417d\" data-element_type=\"section\">\n\t\t\t\t\t\t<div class=\"elementor-container elementor-column-gap-default\">\n\t\t\t\t\t<div class=\"elementor-column elementor-col-100 elementor-top-column elementor-element elementor-element-52239af\" data-id=\"52239af\" data-element_type=\"column\">\n\t\t\t<div class=\"elementor-widget-wrap\">\n\t\t\t\t\t\t\t\t\t<\/div>\n\t\t<\/div>\n\t\t\t\t\t\t\t<\/div>\n\t\t<\/section>\n\t\t\t\t<section class=\"elementor-section elementor-top-section elementor-element elementor-element-78bfd83 elementor-section-boxed elementor-section-height-default elementor-section-height-default\" data-id=\"78bfd83\" data-element_type=\"section\">\n\t\t\t\t\t\t<div class=\"elementor-container elementor-column-gap-default\">\n\t\t\t\t\t<div class=\"elementor-column elementor-col-100 elementor-top-column elementor-element elementor-element-d7c2eec\" data-id=\"d7c2eec\" data-element_type=\"column\">\n\t\t\t<div class=\"elementor-widget-wrap\">\n\t\t\t\t\t\t\t\t\t<\/div>\n\t\t<\/div>\n\t\t\t\t\t\t\t<\/div>\n\t\t<\/section>\n\t\t\t\t<section class=\"elementor-section elementor-top-section elementor-element elementor-element-6f0dde9 elementor-section-boxed elementor-section-height-default elementor-section-height-default\" data-id=\"6f0dde9\" data-element_type=\"section\">\n\t\t\t\t\t\t<div class=\"elementor-container elementor-column-gap-default\">\n\t\t\t\t\t<div class=\"elementor-column elementor-col-100 elementor-top-column elementor-element elementor-element-6661507\" data-id=\"6661507\" data-element_type=\"column\">\n\t\t\t<div class=\"elementor-widget-wrap elementor-element-populated\">\n\t\t\t\t\t\t\t\t<div class=\"elementor-element elementor-element-57c643d elementor-widget elementor-widget-text-editor\" data-id=\"57c643d\" data-element_type=\"widget\" data-widget_type=\"text-editor.default\">\n\t\t\t\t<div class=\"elementor-widget-container\">\n\t\t\t<style>\/*! elementor - v3.17.0 - 01-11-2023 *\/\n.elementor-widget-text-editor.elementor-drop-cap-view-stacked .elementor-drop-cap{background-color:#69727d;color:#fff}.elementor-widget-text-editor.elementor-drop-cap-view-framed .elementor-drop-cap{color:#69727d;border:3px solid;background-color:transparent}.elementor-widget-text-editor:not(.elementor-drop-cap-view-default) .elementor-drop-cap{margin-top:8px}.elementor-widget-text-editor:not(.elementor-drop-cap-view-default) .elementor-drop-cap-letter{width:1em;height:1em}.elementor-widget-text-editor .elementor-drop-cap{float:left;text-align:center;line-height:1;font-size:50px}.elementor-widget-text-editor .elementor-drop-cap-letter{display:inline-block}<\/style>\t\t\t\t<p style=\"text-align: left;\"><strong><u>Bauen in:<\/u><\/strong><\/p><p style=\"text-align: left;\">F\u00fcr den Einbau des Klimaschranks ist kein weiteres Zubeh\u00f6r erforderlich<\/p><ul style=\"text-align: left;\"><li>Der Klimaschrank verf\u00fcgt \u00fcber 4 verstellbare F\u00fc\u00dfe (ca. 25mm verstellbar)<\/li><li>Die H\u00f6he unterhalb der T\u00fcr (Oberkante L\u00fcftungsgitter bis zum Boden) betr\u00e4gt ca. 125mm<\/li><li>Die H\u00f6he der Unterseite des L\u00fcftungsgitters bis zum Erdboden betr\u00e4gt ca. 25mm<\/li><li style=\"text-align: left;\">Achten Sie auch auf das Scharnier (rechte Seite, oben am Schrank). Die H\u00f6he betr\u00e4gt ca. 10mm<\/li><\/ul><p style=\"text-align: left;\"><em>Anmerkung:<\/em><\/p><p style=\"text-align: left;\">F\u00fcr den Einbau in den Klimaschrank ist kein spezielles Zubeh\u00f6r oder Werkzeug erforderlich, allerdings sollte man auf eine ausreichende Bel\u00fcftung an der R\u00fcckseite des Klimaschranks achten, um die W\u00e4rme abzuf\u00fchren. Das L\u00fcftungsgitter vorne dient zum Ansaugen von \u201eFrischluft\u201c (die entsteht, wenn die warme Luft hinten aufsteigt \u2013 es entsteht ein Sogeffekt). Decken Sie dieses L\u00fcftungsgitter daher nicht ab.<\/p><p style=\"text-align: left;\">Da die T\u00fcr exakt die gleichen Ma\u00dfe wie der Klimaschrank hat, ragt die T\u00fcr ca. 4 mm, wenn die T\u00fcr um 45 Grad ge\u00f6ffnet ist, sodass Sie diesen Klimaschrank in einem Raum mit einer Breite von 600 mm (g\u00e4ngigstes Ma\u00df von K\u00fcchenschr\u00e4nken) aufstellen k\u00f6nnen. Wenn Sie es um mehr als 45 Grad \u00f6ffnen, verschwindet dieser Vorsprung. Die T\u00fcr kann um mehr als 200 Grad ge\u00f6ffnet werden.<\/p>\t\t\t\t\t\t<\/div>\n\t\t\t\t<\/div>\n\t\t\t\t\t<\/div>\n\t\t<\/div>\n\t\t\t\t\t\t\t<\/div>\n\t\t<\/section>\n\t\t\t\t\t\t\t<\/div>","protected":false},"excerpt":{"rendered":"<p>Building in: There are no extra accessories required when building in the climate cabinet The climate cabinet has 4 adjustable feet (approx. 25mm adjustable) The height underneath the door (top&hellip;<\/p>","protected":false},"author":617,"featured_media":0,"parent":0,"menu_order":0,"comment_status":"closed","ping_status":"closed","template":"","meta":{"_sitemap_exclude":false,"_sitemap_priority":"","_sitemap_frequency":"","footnotes":""},"class_list":["post-5153","page","type-page","status-publish","hentry"],"_links":{"self":[{"href":"https:\/\/coolvaria.com\/de\/wp-json\/wp\/v2\/pages\/5153","targetHints":{"allow":["GET"]}}],"collection":[{"href":"https:\/\/coolvaria.com\/de\/wp-json\/wp\/v2\/pages"}],"about":[{"href":"https:\/\/coolvaria.com\/de\/wp-json\/wp\/v2\/types\/page"}],"author":[{"embeddable":true,"href":"https:\/\/coolvaria.com\/de\/wp-json\/wp\/v2\/users\/617"}],"replies":[{"embeddable":true,"href":"https:\/\/coolvaria.com\/de\/wp-json\/wp\/v2\/comments?post=5153"}],"version-history":[{"count":0,"href":"https:\/\/coolvaria.com\/de\/wp-json\/wp\/v2\/pages\/5153\/revisions"}],"wp:attachment":[{"href":"https:\/\/coolvaria.com\/de\/wp-json\/wp\/v2\/media?parent=5153"}],"curies":[{"name":"wp","href":"https:\/\/api.w.org\/{rel}","templated":true}]}}