{"id":336,"date":"2016-08-23T06:28:43","date_gmt":"2016-08-23T06:28:43","guid":{"rendered":"http:\/\/demo.uix.store\/sober\/?page_id=336"},"modified":"2025-12-28T18:28:44","modified_gmt":"2025-12-28T17:28:44","slug":"contacteer-ons","status":"publish","type":"page","link":"https:\/\/coolvaria.com\/de\/kontaktiere-uns\/","title":{"rendered":"Kontakt"},"content":{"rendered":"<div data-elementor-type=\"wp-page\" data-elementor-id=\"336\" class=\"elementor elementor-336\">\n\t\t\t\t\t\t\t\t\t<section class=\"elementor-section elementor-top-section elementor-element elementor-element-1c7503b elementor-section-stretched elementor-section-boxed elementor-section-height-default elementor-section-height-default\" data-id=\"1c7503b\" data-element_type=\"section\" data-settings=\"{&quot;stretch_section&quot;:&quot;section-stretched&quot;,&quot;background_background&quot;:&quot;classic&quot;}\">\n\t\t\t\t\t\t<div class=\"elementor-container elementor-column-gap-default\">\n\t\t\t\t\t<div class=\"elementor-column elementor-col-100 elementor-top-column elementor-element elementor-element-6910e9b\" data-id=\"6910e9b\" data-element_type=\"column\" data-settings=\"{&quot;background_background&quot;:&quot;classic&quot;}\">\n\t\t\t<div class=\"elementor-widget-wrap elementor-element-populated\">\n\t\t\t\t\t\t\t\t<div class=\"elementor-element elementor-element-61c65be elementor-widget elementor-widget-text-editor\" data-id=\"61c65be\" data-element_type=\"widget\" data-widget_type=\"text-editor.default\">\n\t\t\t\t<div class=\"elementor-widget-container\">\n\t\t\t<style>\/*! elementor - v3.17.0 - 01-11-2023 *\/\n.elementor-widget-text-editor.elementor-drop-cap-view-stacked .elementor-drop-cap{background-color:#69727d;color:#fff}.elementor-widget-text-editor.elementor-drop-cap-view-framed .elementor-drop-cap{color:#69727d;border:3px solid;background-color:transparent}.elementor-widget-text-editor:not(.elementor-drop-cap-view-default) .elementor-drop-cap{margin-top:8px}.elementor-widget-text-editor:not(.elementor-drop-cap-view-default) .elementor-drop-cap-letter{width:1em;height:1em}.elementor-widget-text-editor .elementor-drop-cap{float:left;text-align:center;line-height:1;font-size:50px}.elementor-widget-text-editor .elementor-drop-cap-letter{display:inline-block}<\/style>\t\t\t\t<h1 data-trid=\"1400\"><strong data-trid=\"1401\">Kontaktdetails<\/strong><\/h1><div data-trid=\"1402\"><strong data-trid=\"1403\">\u00a0<\/strong><\/div><p data-trid=\"1404\">F\u00fcr Informationen zu unseren Klimakammern f\u00fcllen Sie bitte das untenstehende Formular aus oder rufen Sie uns unter +31 (0)30 2511191 an.<\/p><p><strong>CoolVaria<\/strong><br \/>Ravenswade 150R<br \/>3439LD Nieuwegein<br \/>Tel. 030 25111<\/p><p><strong>M\u00f6chten Sie die Klimakammern besichtigen \u2013&gt; siehe unten.<\/strong><\/p><p class=\"gt-block\" data-trid=\"1405\"><span style=\"text-decoration: underline;\"><em>An folgenden Tagen haben wir geschlossen:<\/em><\/span><\/p><p data-trid=\"1407\">22\/12 &#8211; 5\/1 &#8211; Vakantieperiode* (zie onderstaand)<\/p><p data-trid=\"1407\">25. \u2013 26. Dezember \u2013 1. und 2. Weihnachtsfeiertag<\/p><p data-trid=\"1407\">31 Dezember (nach 12:30 Uhr) - Silvesterabend<\/p><p data-trid=\"1407\">1. + 2. Januar \u2013 Neujahrstag + Extra<\/p><p data-trid=\"1407\">28\/29\/30 Januar - Inventar<\/p><p data-trid=\"1407\"><strong>Ferienzeiten*:<\/strong><\/p><p class=\"gt-block\" data-trid=\"1410\"><em data-trid=\"1411\">*W\u00e4hrend der Ferienzeit (22. December 2025 bis 5. Januar 2026) sind wir weiterhin erreichbar, aufgrund der eingeschr\u00e4nkten Personalausstattung sind jedoch in dieser Zeit keine Besichtigungen m\u00f6glich und es kann zu Verz\u00f6gerungen bei der Beantwortung von Telefonanrufen und E-Mails kommen. Wir bitten um Ihr Verst\u00e4ndnis.<\/em><\/p>\t\t\t\t\t\t<\/div>\n\t\t\t\t<\/div>\n\t\t\t\t<div class=\"elementor-element elementor-element-7378f24 elementor-widget elementor-widget-text-editor\" data-id=\"7378f24\" data-element_type=\"widget\" data-widget_type=\"text-editor.default\">\n\t\t\t\t<div class=\"elementor-widget-container\">\n\t\t\t\t\t\t\t<p><strong>M\u00f6chten Sie die Klimakammern besichtigen?<\/strong><\/p><p>Wenn Sie unsere Klimakammern besichtigen m\u00f6chten, w\u00fcrden wir uns freuen, Sie in Nieuwegein (Niederlande) begr\u00fc\u00dfen zu d\u00fcrfen. Das Lager in Vianen ist nicht f\u00fcr Besichtigungen ge\u00f6ffnet. <span style=\"text-decoration: underline;\">Vereinbaren Sie immer einen Termin (die Erkl\u00e4rung dauert ca. 30 Minuten).<\/span><\/p><p>Besichtigungen bei Ravenswade 150R in Nieuwegein sind von Montag bis Freitag m\u00f6glich. Wenn Sie uns besuchen m\u00f6chten, ist es wichtig, dass Sie im Voraus einen Termin vereinbaren, damit wir Ihren Besuch gut planen k\u00f6nnen und Sie nicht vor verschlossener T\u00fcr stehen, weil wir zuf\u00e4llig im anderen Lager arbeiten.<\/p>\t\t\t\t\t\t<\/div>\n\t\t\t\t<\/div>\n\t\t\t\t<div class=\"elementor-element elementor-element-cdc9556 elementor-widget elementor-widget-text-editor\" data-id=\"cdc9556\" data-element_type=\"widget\" data-widget_type=\"text-editor.default\">\n\t\t\t\t<div class=\"elementor-widget-container\">\n\t\t\t\t\t\t\t\t\t\t\t\t\t<\/div>\n\t\t\t\t<\/div>\n\t\t\t\t<div class=\"elementor-element elementor-element-6cf2de5 elementor-widget elementor-widget-text-editor\" data-id=\"6cf2de5\" data-element_type=\"widget\" data-widget_type=\"text-editor.default\">\n\t\t\t\t<div class=\"elementor-widget-container\">\n\t\t\t\t\t\t\t<p data-trid=\"1559\"><strong style=\"font-size: 18px; color: #7c7c80; font-family: Raleway, sans-serif;\" data-trid=\"1560\">Informationsanfrage, auch zur Vermietung:<\/strong><\/p><p data-trid=\"1561\">Wenn Sie an unseren Produkten interessiert sind, kontaktieren Sie uns bitte \u00fcber das Kontaktformular oder telefonisch unter +31 (0) 30-2511191.<\/p><p data-trid=\"1562\"><div class=\"forminator-ui forminator-custom-form forminator-custom-form-7542 forminator-design--default  forminator_ajax\" data-forminator-render=\"0\" data-form=\"forminator-module-7542\" data-uid=\"69de7e0247b31\"><br\/><\/div><form\n\t\t\t\tid=\"forminator-module-7542\"\n\t\t\t\tclass=\"forminator-ui forminator-custom-form forminator-custom-form-7542 forminator-design--default  forminator_ajax\"\n\t\t\t\tmethod=\"post\"\n\t\t\t\tdata-forminator-render=\"0\"\n\t\t\t\tdata-form-id=\"7542\"\n\t\t\t\t\n\t\t\t\tdata-design=\"default\"\n\t\t\t\t\n\t\t\t\t\n\t\t\t\t\n\t\t\t\tdata-grid=\"open\"\n\t\t\t\t\n\t\t\t\t\n\t\t\t\tstyle=\"display: none;\"\n\t\t\t\t\n\t\t\t\tdata-uid=\"69de7e0247b31\" action=\"\"\n\t\t\t><div role=\"alert\" aria-live=\"polite\" class=\"forminator-response-message forminator-error\" aria-hidden=\"true\"><\/div><div class=\"forminator-row\"><input type=\"hidden\" id=\"hidden-2_69de7e0247b31\" name=\"hidden-2\" value=\"Contact\" \/><input type=\"hidden\" id=\"hidden-1_69de7e0247b31\" name=\"hidden-1\" value=\"https:\/\/coolvaria.com\/de\/kontaktiere-uns\/\" \/><\/div><div class=\"forminator-row\"><div id=\"name-1\" class=\"forminator-field-name forminator-col forminator-col-12\"><div class=\"forminator-row forminator-no-margin\" data-multiple=\"true\"><div class=\"forminator-col forminator-col-md-6\"><div class=\"forminator-field\"><label for=\"forminator-field-first-name-1_69de7e0247b31\" class=\"forminator-label\" id=\"forminator-field-first-name-1_69de7e0247b31-label\">Vorname <span class=\"forminator-required\">*<\/span><\/label><input type=\"text\" name=\"name-1-first-name\" placeholder=\"\" id=\"forminator-field-first-name-1_69de7e0247b31\" class=\"forminator-input\" aria-required=\"true\" data-multi=\"1\" value=\"\" \/><\/div><\/div><div class=\"forminator-col forminator-col-md-6\"><div class=\"forminator-field\"><label for=\"forminator-field-last-name-1_69de7e0247b31\" class=\"forminator-label\" id=\"forminator-field-last-name-1_69de7e0247b31-label\">Familienname, Nachname <span class=\"forminator-required\">*<\/span><\/label><input type=\"text\" name=\"name-1-last-name\" placeholder=\"\" id=\"forminator-field-last-name-1_69de7e0247b31\" class=\"forminator-input\" aria-required=\"true\" data-multi=\"1\" value=\"\" \/><\/div><\/div><\/div><\/div><\/div><div class=\"forminator-row\"><div id=\"text-1\" class=\"forminator-field-text forminator-col forminator-col-12\"><div class=\"forminator-field\"><label for=\"forminator-field-text-1_69de7e0247b31\" class=\"forminator-label\" id=\"forminator-field-text-1_69de7e0247b31-label\">Name der Firma<\/label><input type=\"text\" name=\"text-1\" value=\"\" placeholder=\"wenn anwendbar\" id=\"forminator-field-text-1_69de7e0247b31\" class=\"forminator-input forminator-name--field\" data-required=\"\" \/><\/div><\/div><\/div><div class=\"forminator-row\"><div id=\"email-1\" class=\"forminator-field-email forminator-col forminator-col-12\"><div class=\"forminator-field\"><label for=\"forminator-field-email-1_69de7e0247b31\" class=\"forminator-label\" id=\"forminator-field-email-1_69de7e0247b31-label\">E-Mail-Adresse <span class=\"forminator-required\">*<\/span><\/label><input type=\"email\" name=\"email-1\" value=\"\" placeholder=\"\" id=\"forminator-field-email-1_69de7e0247b31\" class=\"forminator-input forminator-email--field\" data-required=\"true\" aria-required=\"true\" \/><\/div><\/div><\/div><div class=\"forminator-row\"><div id=\"phone-1\" class=\"forminator-field-phone forminator-col forminator-col-12\"><div class=\"forminator-field\"><label for=\"forminator-field-phone-1_69de7e0247b31\" class=\"forminator-label\" id=\"forminator-field-phone-1_69de7e0247b31-label\">Telefonnummer<\/label><input type=\"text\" name=\"phone-1\" value=\"\" placeholder=\"\" id=\"forminator-field-phone-1_69de7e0247b31\" class=\"forminator-input forminator-field--phone\" data-required=\"\" aria-required=\"false\" autocomplete=\"off\" data-validation=\"1\" \/><\/div><\/div><\/div><div class=\"forminator-row\"><div id=\"checkbox-1\" class=\"forminator-field-checkbox forminator-col forminator-col-12\"><div role=\"group\" class=\"forminator-field\" aria-labelledby=\"forminator-checkbox-group-69de7e0247b31-label\"><h4 id=\"forminator-checkbox-group-69de7e0247b31-label\" class=\"forminator-label\">Ich m\u00f6chte:<\/h4><label id=\"forminator-field-checkbox-1-1-69de7e0247b31-label\" for=\"forminator-field-checkbox-1-1-69de7e0247b31\" class=\"forminator-checkbox\" title=\"Fordern Sie ein Angebot an:\"><input type=\"checkbox\" name=\"checkbox-1[]\" value=\"service-1\" id=\"forminator-field-checkbox-1-1-69de7e0247b31\" aria-labelledby=\"forminator-field-checkbox-1-1-69de7e0247b31-label\" data-calculation=\"0\"   aria-describedby=\"forminator-field-checkbox-1-69de7e0247b31-description\"\/><span class=\"forminator-checkbox-box\" aria-hidden=\"true\"><\/span><span class=\"forminator-checkbox-label\">Fordern Sie ein Angebot an:<\/span><\/label><label id=\"forminator-field-checkbox-1-2-69de7e0247b31-label\" for=\"forminator-field-checkbox-1-2-69de7e0247b31\" class=\"forminator-checkbox\" title=\"Fragen Sie etwas zur Mehrwertsteuer (f\u00fcr Unternehmen):\"><input type=\"checkbox\" name=\"checkbox-1[]\" value=\"service-2\" id=\"forminator-field-checkbox-1-2-69de7e0247b31\" aria-labelledby=\"forminator-field-checkbox-1-2-69de7e0247b31-label\" data-calculation=\"0\"   aria-describedby=\"forminator-field-checkbox-1-69de7e0247b31-description\"\/><span class=\"forminator-checkbox-box\" aria-hidden=\"true\"><\/span><span class=\"forminator-checkbox-label\">Fragen Sie etwas zur Mehrwertsteuer (f\u00fcr Unternehmen):<\/span><\/label><label id=\"forminator-field-checkbox-1-3-69de7e0247b31-label\" for=\"forminator-field-checkbox-1-3-69de7e0247b31\" class=\"forminator-checkbox\" title=\"Vereinbaren Sie einen Besichtigungstermin:\"><input type=\"checkbox\" name=\"checkbox-1[]\" value=\"Ik-wil-een-bezichtigingsafspraak-maken\" id=\"forminator-field-checkbox-1-3-69de7e0247b31\" aria-labelledby=\"forminator-field-checkbox-1-3-69de7e0247b31-label\" data-calculation=\"0\"   aria-describedby=\"forminator-field-checkbox-1-69de7e0247b31-description\"\/><span class=\"forminator-checkbox-box\" aria-hidden=\"true\"><\/span><span class=\"forminator-checkbox-label\">Vereinbaren Sie einen Besichtigungstermin:<\/span><\/label><label id=\"forminator-field-checkbox-1-4-69de7e0247b31-label\" for=\"forminator-field-checkbox-1-4-69de7e0247b31\" class=\"forminator-checkbox\" title=\"Fragen zur Verf\u00fcgbarkeit (Lagerbestand):\"><input type=\"checkbox\" name=\"checkbox-1[]\" value=\"iets-vragen-over-de-beschikbaarheid\" id=\"forminator-field-checkbox-1-4-69de7e0247b31\" aria-labelledby=\"forminator-field-checkbox-1-4-69de7e0247b31-label\" data-calculation=\"0\"   aria-describedby=\"forminator-field-checkbox-1-69de7e0247b31-description\"\/><span class=\"forminator-checkbox-box\" aria-hidden=\"true\"><\/span><span class=\"forminator-checkbox-label\">Fragen zur Verf\u00fcgbarkeit (Lagerbestand):<\/span><\/label><label id=\"forminator-field-checkbox-1-5-69de7e0247b31-label\" for=\"forminator-field-checkbox-1-5-69de7e0247b31\" class=\"forminator-checkbox\" title=\"Kann ich \u00fcber neue Lagerbest\u00e4nde informiert werden?\"><input type=\"checkbox\" name=\"checkbox-1[]\" value=\"Kan ik op de hoogte gehouden worden over nieuwe voorraad\" id=\"forminator-field-checkbox-1-5-69de7e0247b31\" aria-labelledby=\"forminator-field-checkbox-1-5-69de7e0247b31-label\" data-calculation=\"0\"   aria-describedby=\"forminator-field-checkbox-1-69de7e0247b31-description\"\/><span class=\"forminator-checkbox-box\" aria-hidden=\"true\"><\/span><span class=\"forminator-checkbox-label\">Kann ich \u00fcber neue Lagerbest\u00e4nde informiert werden?<\/span><\/label><label id=\"forminator-field-checkbox-1-6-69de7e0247b31-label\" for=\"forminator-field-checkbox-1-6-69de7e0247b31\" class=\"forminator-checkbox\" title=\"frag mal was anderes:\"><input type=\"checkbox\" name=\"checkbox-1[]\" value=\"Anders\" id=\"forminator-field-checkbox-1-6-69de7e0247b31\" aria-labelledby=\"forminator-field-checkbox-1-6-69de7e0247b31-label\" data-calculation=\"0\"   aria-describedby=\"forminator-field-checkbox-1-69de7e0247b31-description\"\/><span class=\"forminator-checkbox-box\" aria-hidden=\"true\"><\/span><span class=\"forminator-checkbox-label\">frag mal was anderes:<\/span><\/label><\/div><\/div><\/div><div class=\"forminator-row\"><div id=\"textarea-1\" class=\"forminator-field-textarea forminator-col forminator-col-12\"><div class=\"forminator-field\"><label for=\"forminator-field-textarea-1_69de7e0247b31\" id=\"forminator-field-textarea-1_69de7e0247b31-label\" class=\"forminator-label\">Nachricht<\/label><textarea name=\"textarea-1\" placeholder=\"\" id=\"forminator-field-textarea-1_69de7e0247b31\" class=\"forminator-textarea\" rows=\"6\" style=\"min-height:140px;\" maxlength=\"180\" ><\/textarea><span id=\"forminator-field-textarea-1_69de7e0247b31-description\" class=\"forminator-description\"><span data-limit=\"180\" data-type=\"characters\">0 \/ 180<\/span><\/span><\/div><\/div><\/div><input type=\"hidden\" name=\"referer_url\" value=\"\" \/><div class=\"forminator-row forminator-row-last\"><div class=\"forminator-col\"><div class=\"forminator-field\"><button class=\"forminator-button forminator-button-submit\">Anfrage absenden<\/button><\/div><\/div><\/div><input type=\"hidden\" id=\"forminator_nonce\" name=\"forminator_nonce\" value=\"072a3e315d\" \/><input type=\"hidden\" name=\"_wp_http_referer\" value=\"\/de\/wp-json\/wp\/v2\/pages\/336\" \/><input type=\"hidden\" name=\"form_id\" value=\"7542\"><input type=\"hidden\" name=\"page_id\" value=\"336\"><input type=\"hidden\" name=\"form_type\" value=\"default\"><input type=\"hidden\" name=\"current_url\" value=\"https:\/\/coolvaria.com\/de\/kontaktiere-uns\/\"><input type=\"hidden\" name=\"render_id\" value=\"0\"><input type=\"hidden\" name=\"action\" value=\"forminator_submit_form_custom-forms\"><input type=\"hidden\" name=\"trp-form-language\" value=\"de\"\/><\/form><\/p><p data-trid=\"1563\">\u00a0<\/p>\t\t\t\t\t\t<\/div>\n\t\t\t\t<\/div>\n\t\t\t\t<div class=\"elementor-element elementor-element-dcb8a2a elementor-widget elementor-widget-text-editor\" data-id=\"dcb8a2a\" data-element_type=\"widget\" data-widget_type=\"text-editor.default\">\n\t\t\t\t<div class=\"elementor-widget-container\">\n\t\t\t\t\t\t\t\t\t\t\t\t\t<\/div>\n\t\t\t\t<\/div>\n\t\t\t\t<div class=\"elementor-element elementor-element-03a6144 elementor-widget elementor-widget-text-editor\" data-id=\"03a6144\" data-element_type=\"widget\" data-widget_type=\"text-editor.default\">\n\t\t\t\t<div class=\"elementor-widget-container\">\n\t\t\t\t\t\t\t\t\t\t\t\t\t<\/div>\n\t\t\t\t<\/div>\n\t\t\t\t<div class=\"elementor-element elementor-element-70c7dbd elementor-widget elementor-widget-shortcode\" data-id=\"70c7dbd\" data-element_type=\"widget\" id=\"contact-us-form\" data-widget_type=\"shortcode.default\">\n\t\t\t\t<div class=\"elementor-widget-container\">\n\t\t\t\t\t<div class=\"elementor-shortcode\"><\/div>\n\t\t\t\t<\/div>\n\t\t\t\t<\/div>\n\t\t\t\t\t<\/div>\n\t\t<\/div>\n\t\t\t\t\t\t\t<\/div>\n\t\t<\/section>\n\t\t\t\t<section class=\"elementor-section elementor-top-section elementor-element elementor-element-273b52e elementor-section-boxed elementor-section-height-default elementor-section-height-default\" data-id=\"273b52e\" data-element_type=\"section\">\n\t\t\t\t\t\t<div class=\"elementor-container elementor-column-gap-default\">\n\t\t\t\t\t<div class=\"elementor-column elementor-col-100 elementor-top-column elementor-element elementor-element-5b59f61\" data-id=\"5b59f61\" data-element_type=\"column\">\n\t\t\t<div class=\"elementor-widget-wrap elementor-element-populated\">\n\t\t\t\t\t\t\t\t<div class=\"elementor-element elementor-element-0c197cc elementor-widget elementor-widget-google_maps\" data-id=\"0c197cc\" data-element_type=\"widget\" data-widget_type=\"google_maps.default\">\n\t\t\t\t<div class=\"elementor-widget-container\">\n\t\t\t<style>\/*! elementor - v3.17.0 - 01-11-2023 *\/\n.elementor-widget-google_maps .elementor-widget-container{overflow:hidden}.elementor-widget-google_maps .elementor-custom-embed{line-height:0}.elementor-widget-google_maps iframe{height:300px}<\/style>\t\t<div class=\"elementor-custom-embed\">\n\t\t\t<iframe loading=\"lazy\"\n\t\t\t\t\tsrc=\"https:\/\/maps.google.com\/maps?q=Utrecht%2C%20nieuwgein%2C%20ravenswade%20150R&#038;t=m&#038;z=10&#038;output=embed&#038;iwloc=near\"\n\t\t\t\t\ttitle=\"Utrecht, Nieuwgein, Ravenswade 150R\"\n\t\t\t\t\taria-label=\"Utrecht, Nieuwgein, Ravenswade 150R\"\n\t\t\t><\/iframe>\n\t\t<\/div>\n\t\t\t\t<\/div>\n\t\t\t\t<\/div>\n\t\t\t\t\t<\/div>\n\t\t<\/div>\n\t\t\t\t\t\t\t<\/div>\n\t\t<\/section>\n\t\t\t\t<section class=\"elementor-section elementor-top-section elementor-element elementor-element-d1fecec elementor-section-boxed elementor-section-height-default elementor-section-height-default\" data-id=\"d1fecec\" data-element_type=\"section\" data-settings=\"{&quot;background_background&quot;:&quot;classic&quot;}\">\n\t\t\t\t\t\t<div class=\"elementor-container elementor-column-gap-default\">\n\t\t\t\t\t<div class=\"elementor-column elementor-col-25 elementor-top-column elementor-element elementor-element-fd4526f\" data-id=\"fd4526f\" data-element_type=\"column\" data-settings=\"{&quot;background_background&quot;:&quot;classic&quot;}\">\n\t\t\t<div class=\"elementor-widget-wrap elementor-element-populated\">\n\t\t\t\t\t\t\t\t<div class=\"elementor-element elementor-element-beafa51 elementor-widget elementor-widget-heading\" data-id=\"beafa51\" data-element_type=\"widget\" data-widget_type=\"heading.default\">\n\t\t\t\t<div class=\"elementor-widget-container\">\n\t\t\t<style>\/*! elementor - v3.17.0 - 01-11-2023 *\/\n.elementor-heading-title{padding:0;margin:0;line-height:1}.elementor-widget-heading .elementor-heading-title[class*=elementor-size-]>a{color:inherit;font-size:inherit;line-height:inherit}.elementor-widget-heading .elementor-heading-title.elementor-size-small{font-size:15px}.elementor-widget-heading .elementor-heading-title.elementor-size-medium{font-size:19px}.elementor-widget-heading .elementor-heading-title.elementor-size-large{font-size:29px}.elementor-widget-heading .elementor-heading-title.elementor-size-xl{font-size:39px}.elementor-widget-heading .elementor-heading-title.elementor-size-xxl{font-size:59px}<\/style><h3 class=\"elementor-heading-title elementor-size-default\">Europa + Welt<\/h3>\t\t<\/div>\n\t\t\t\t<\/div>\n\t\t\t\t<div class=\"elementor-element elementor-element-ea994e3 elementor-widget elementor-widget-text-editor\" data-id=\"ea994e3\" data-element_type=\"widget\" data-widget_type=\"text-editor.default\">\n\t\t\t\t<div class=\"elementor-widget-container\">\n\t\t\t\t\t\t\t<p class=\"gt-block\" data-trid=\"2496\">Tel. +31 (0)30 \u2013 2511191<br data-trid=\"2497\">Email:&nbsp;<a href=\"mailto:info@coolvaria.com\" data-trid=\"2498\">info@coolvaria.com<\/a><\/p>\n<p class=\"gt-block\" data-trid=\"2499\"><strong data-trid=\"2500\">Hauptquartier<\/strong><br data-trid=\"2501\">Ravenswade 150<strong data-trid=\"2502\">R<\/strong>&nbsp;<br data-trid=\"2503\">3439LD Nieuwegein<br data-trid=\"2504\">Die Niederlande<\/p>\n<p class=\"gt-block\" data-trid=\"2505\"><strong data-trid=\"2506\"><em data-trid=\"2507\">Lager 1<\/em><\/strong><br data-trid=\"2508\">Ravenswade 150<strong data-trid=\"2509\">R<\/strong>&nbsp;<br data-trid=\"2510\">3439LD Nieuwegein<br data-trid=\"2511\">Die Niederlande<\/p>\n<p class=\"gt-block\" data-trid=\"2512\"><strong data-trid=\"2513\"><em data-trid=\"2514\">Lager 2<\/em><\/strong><br data-trid=\"2515\">Deicharmee 4&nbsp;<br data-trid=\"2516\">4131MA Vianen<br data-trid=\"2517\">Die Niederlande<\/p><p class=\"gt-block\" data-trid=\"2526\"><\/p>\t\t\t\t\t\t<\/div>\n\t\t\t\t<\/div>\n\t\t\t\t\t<\/div>\n\t\t<\/div>\n\t\t\t\t<div class=\"elementor-column elementor-col-25 elementor-top-column elementor-element elementor-element-6321ebb\" data-id=\"6321ebb\" data-element_type=\"column\" data-settings=\"{&quot;background_background&quot;:&quot;classic&quot;}\">\n\t\t\t<div class=\"elementor-widget-wrap elementor-element-populated\">\n\t\t\t\t\t\t\t\t<div class=\"elementor-element elementor-element-bd9a43f elementor-widget elementor-widget-text-editor\" data-id=\"bd9a43f\" data-element_type=\"widget\" data-widget_type=\"text-editor.default\">\n\t\t\t\t<div class=\"elementor-widget-container\">\n\t\t\t\t\t\t\t\t\t\t\t\t\t<\/div>\n\t\t\t\t<\/div>\n\t\t\t\t\t<\/div>\n\t\t<\/div>\n\t\t\t\t<div class=\"elementor-column elementor-col-25 elementor-top-column elementor-element elementor-element-9bb53dc\" data-id=\"9bb53dc\" data-element_type=\"column\" data-settings=\"{&quot;background_background&quot;:&quot;classic&quot;}\">\n\t\t\t<div class=\"elementor-widget-wrap elementor-element-populated\">\n\t\t\t\t\t\t\t\t<div class=\"elementor-element elementor-element-5d7a35f elementor-widget elementor-widget-heading\" data-id=\"5d7a35f\" data-element_type=\"widget\" data-widget_type=\"heading.default\">\n\t\t\t\t<div class=\"elementor-widget-container\">\n\t\t\t<h3 class=\"elementor-heading-title elementor-size-default\">Partner \u2013 Frankreich<\/h3>\t\t<\/div>\n\t\t\t\t<\/div>\n\t\t\t\t<div class=\"elementor-element elementor-element-c2d2536 elementor-widget elementor-widget-text-editor\" data-id=\"c2d2536\" data-element_type=\"widget\" data-widget_type=\"text-editor.default\">\n\t\t\t\t<div class=\"elementor-widget-container\">\n\t\t\t\t\t\t\t<p class=\"gt-block\" data-trid=\"2518\"><em data-trid=\"2519\"><strong data-trid=\"2520\">CoolVaria \u2013 Wattel<\/strong><\/em><br data-trid=\"2521\" \/>Rue Jean-Paul Sartre 2<br data-trid=\"2522\" \/>84500 Bollene<br data-trid=\"2523\" \/><br data-trid=\"2524\" \/>Tel. +33 (0)618100730<br data-trid=\"2522\" \/>E-Mail: watts@coolvaria.com\u00a0<\/p><p class=\"gt-block\" data-trid=\"2526\"><em data-trid=\"2527\"><strong data-trid=\"2528\">CoolVaria \/ Chateau Gayon<\/strong><\/em><br data-trid=\"2529\" \/>6 Gayon<br data-trid=\"2530\" \/>33490 Caudrot<\/p><p class=\"gt-block\" data-trid=\"2526\">Tel. +33 (0)5 56 62 81 19<br data-trid=\"2533\" \/>Email:\u00a0<a href=\"mailto:info@coolvaria.com\" data-trid=\"2534\">Gayon@coolvaria.com<\/a><\/p>\t\t\t\t\t\t<\/div>\n\t\t\t\t<\/div>\n\t\t\t\t\t<\/div>\n\t\t<\/div>\n\t\t\t\t<div class=\"elementor-column elementor-col-25 elementor-top-column elementor-element elementor-element-f13ef6c\" data-id=\"f13ef6c\" data-element_type=\"column\" data-settings=\"{&quot;background_background&quot;:&quot;classic&quot;}\">\n\t\t\t<div class=\"elementor-widget-wrap elementor-element-populated\">\n\t\t\t\t\t\t\t\t<div class=\"elementor-element elementor-element-2dcc881 elementor-widget elementor-widget-text-editor\" data-id=\"2dcc881\" data-element_type=\"widget\" data-widget_type=\"text-editor.default\">\n\t\t\t\t<div class=\"elementor-widget-container\">\n\t\t\t\t\t\t\t\t\t\t\t\t\t<\/div>\n\t\t\t\t<\/div>\n\t\t\t\t\t<\/div>\n\t\t<\/div>\n\t\t\t\t\t\t\t<\/div>\n\t\t<\/section>\n\t\t\t\t\t\t\t<\/div>","protected":false},"excerpt":{"rendered":"<p>Contactgegevens \u00a0 Voor informatie over onze klimaatkasten kunt u onderstaand formulier invullen of ons bellen op +31 (0)30 2511191. CoolVariaRavenswade 150R3439LD NieuwegeinTel. 030 25111 Wilt u de klimaatkasten komen bekijken&hellip;<\/p>","protected":false},"author":617,"featured_media":0,"parent":0,"menu_order":0,"comment_status":"closed","ping_status":"closed","template":"","meta":{"_sitemap_exclude":false,"_sitemap_priority":"","_sitemap_frequency":"","footnotes":""},"class_list":["post-336","page","type-page","status-publish","hentry"],"_links":{"self":[{"href":"https:\/\/coolvaria.com\/de\/wp-json\/wp\/v2\/pages\/336","targetHints":{"allow":["GET"]}}],"collection":[{"href":"https:\/\/coolvaria.com\/de\/wp-json\/wp\/v2\/pages"}],"about":[{"href":"https:\/\/coolvaria.com\/de\/wp-json\/wp\/v2\/types\/page"}],"author":[{"embeddable":true,"href":"https:\/\/coolvaria.com\/de\/wp-json\/wp\/v2\/users\/617"}],"replies":[{"embeddable":true,"href":"https:\/\/coolvaria.com\/de\/wp-json\/wp\/v2\/comments?post=336"}],"version-history":[{"count":135,"href":"https:\/\/coolvaria.com\/de\/wp-json\/wp\/v2\/pages\/336\/revisions"}],"predecessor-version":[{"id":10812,"href":"https:\/\/coolvaria.com\/de\/wp-json\/wp\/v2\/pages\/336\/revisions\/10812"}],"wp:attachment":[{"href":"https:\/\/coolvaria.com\/de\/wp-json\/wp\/v2\/media?parent=336"}],"curies":[{"name":"wp","href":"https:\/\/api.w.org\/{rel}","templated":true}]}}