{"id":3,"date":"2021-10-11T09:16:14","date_gmt":"2021-10-11T09:16:14","guid":{"rendered":"\/?page_id=3"},"modified":"2025-11-10T09:56:36","modified_gmt":"2025-11-10T08:56:36","slug":"algemene-voorwaarden","status":"publish","type":"page","link":"https:\/\/coolvaria.com\/de\/datenschutzrichtlinie\/","title":{"rendered":"Gesch\u00e4ftsbedingungen"},"content":{"rendered":"<div data-elementor-type=\"wp-page\" data-elementor-id=\"3\" class=\"elementor elementor-3\">\n\t\t\t\t\t\t\t\t\t<section class=\"elementor-section elementor-top-section elementor-element elementor-element-18b63d5e elementor-section-boxed elementor-section-height-default elementor-section-height-default\" data-id=\"18b63d5e\" data-element_type=\"section\">\n\t\t\t\t\t\t<div class=\"elementor-container elementor-column-gap-default\">\n\t\t\t\t\t<div class=\"elementor-column elementor-col-100 elementor-top-column elementor-element elementor-element-9eaebd1\" data-id=\"9eaebd1\" data-element_type=\"column\">\n\t\t\t<div class=\"elementor-widget-wrap elementor-element-populated\">\n\t\t\t\t\t\t\t\t<div class=\"elementor-element elementor-element-41c40038 elementor-widget elementor-widget-text-editor\" data-id=\"41c40038\" data-element_type=\"widget\" data-widget_type=\"text-editor.default\">\n\t\t\t\t<div class=\"elementor-widget-container\">\n\t\t\t<style>\/*! elementor - v3.17.0 - 01-11-2023 *\/\n.elementor-widget-text-editor.elementor-drop-cap-view-stacked .elementor-drop-cap{background-color:#69727d;color:#fff}.elementor-widget-text-editor.elementor-drop-cap-view-framed .elementor-drop-cap{color:#69727d;border:3px solid;background-color:transparent}.elementor-widget-text-editor:not(.elementor-drop-cap-view-default) .elementor-drop-cap{margin-top:8px}.elementor-widget-text-editor:not(.elementor-drop-cap-view-default) .elementor-drop-cap-letter{width:1em;height:1em}.elementor-widget-text-editor .elementor-drop-cap{float:left;text-align:center;line-height:1;font-size:50px}.elementor-widget-text-editor .elementor-drop-cap-letter{display:inline-block}<\/style>\t\t\t\t<p class=\"gt-block\" data-trid=\"1622\">1. Diese Bedingungen gelten f\u00fcr alle Vertr\u00e4ge mit allen Unternehmen, Institutionen und Personen, die mit CoolVaria in Kontakt stehen.<br data-trid=\"1623\" \/>2. Alle Projekte werden zu den nachstehenden Bedingungen durchgef\u00fchrt, sofern nicht ausdr\u00fccklich etwas anderes vereinbart und von CoolVaria schriftlich best\u00e4tigt wurde.<br data-trid=\"1624\" \/>3. Vereinbarungen mit dem Personal sind f\u00fcr CoolVaria nur dann verbindlich, wenn sie schriftlich best\u00e4tigt wurden.<br data-trid=\"1625\" \/>4. Mit der Inanspruchnahme der Leistungen von CoolVaria, in welcher Form auch immer, akzeptiert der Kunde die Geltung dieser Bedingungen und Garantiebedingungen.<br data-trid=\"1626\" \/>5. Sofern hinsichtlich einzelner in diesen Bedingungen geregelter Punkte Ausschl\u00fcsse vereinbart wurden, gelten die Bedingungen und Gew\u00e4hrleistungsbedingungen auch im \u00dcbrigen f\u00fcr den Vertrag. Eventuell vereinbarte Abweichungen gelten nur f\u00fcr das jeweilige Projekt, sofern nichts anderes schriftlich best\u00e4tigt wird.<\/p><h2 data-trid=\"1627\"><strong data-trid=\"1628\">Stornierungen<\/strong><\/h2><p data-trid=\"1629\">Laufende Bestellungen k\u00f6nnen kostenlos storniert werden. In diesem Fall fallen keine zus\u00e4tzlichen Kosten an. Wenn ein Artikel bereits versendet wurde, k\u00f6nnen Sie uns bez\u00fcglich des n\u00e4chsten Schritts kontaktieren.<\/p><h2 data-trid=\"1630\"><strong data-trid=\"1631\">Garantie<\/strong><\/h2><p class=\"gt-block\" data-trid=\"1632\">Auf Neuprodukte gew\u00e4hren wir Verbrauchern mindestens 24 Monate Gew\u00e4hrleistung auf Herstellungsfehler (Ausnahme: Sch\u00e4den durch Glas-, Gummi-, Filter-, T\u00fcr-, Leiterplatte, Scharnier- und Schlossbruch). Auf Demomodelle gibt es 6 bzw. 12 Monate Garantie.<\/p><p class=\"gt-block\" data-trid=\"1633\">Sollte ein Produkt bei der Lieferung besch\u00e4digt sein, k\u00f6nnen Sie das Produkt innerhalb von 14 Tagen zur\u00fccksenden. Sie m\u00fcssen uns jedoch rechtzeitig Bescheid geben (<strong data-trid=\"1634\"><span style=\"text-decoration: underline;\" data-trid=\"1635\">innerhalb von 5 Tagen nach Erhalt<\/span><\/strong>) per E-Mail, damit wir schnellstm\u00f6glich einen Ersatz veranlassen und dies dem Spediteur melden k\u00f6nnen.<br data-trid=\"1636\" \/>Bestellungen werden mit TNT Post, DPD, Transportunternehmen usw. versandt, sofern nicht anders vereinbart.<\/p><h2 data-trid=\"1664\"><strong data-trid=\"1665\">Haftung<\/strong><\/h2><p class=\"gt-block\" data-trid=\"1666\">1. CoolVaria \u00fcbernimmt keine Haftung f\u00fcr Sch\u00e4den jeglicher Art und Herkunft, die nicht auf Vorsatz oder grobe Fahrl\u00e4ssigkeit des Kunden zur\u00fcckzuf\u00fchren sind, und zwar maximal bis zur H\u00f6he der von CoolVaria gelieferten Arbeiten oder Produkte oder eines Teils davon davon.<\/p><p class=\"gt-block\" data-trid=\"1666\">2. CoolVaria aanvaardt geen enkele aansprakelijkheid voor enigerlei schade, van welke aard ook en van welke oorsprong dan ook, ontstaan aan de artikel\/producten die in de klimaatkast liggen of zijn opgeslagen.<\/p><p class=\"gt-block\" data-trid=\"1666\">3. De afnemer is verplicht CoolVaria te vergoeden en te vrijwaren voor alle aanspraken op schadevergoeding van derden jegens CoolVaria voor schade veroorzaakt door of als gevolg van het geleverde product.<\/p><h2 data-trid=\"1668\"><strong data-trid=\"1669\">Streitigkeiten<\/strong><\/h2><p class=\"gt-block\" data-trid=\"1670\">1. Eine Streitigkeit entsteht, wenn eine Partei erkl\u00e4rt, dass dies der Fall ist.<br data-trid=\"1671\" \/>2. F\u00fcr alle Vereinbarungen und Transaktionen mit CoolVaria gilt ausschlie\u00dflich niederl\u00e4ndisches Recht.<br data-trid=\"1672\" \/>3. Alle Streitigkeiten, wie auch immer benannt, werden dem Urteil des zust\u00e4ndigen niederl\u00e4ndischen Gerichts unter Ausschluss aller anderen Schieds-, Beratungs- und Gerichtsorgane unterworfen.<\/p><h2 data-trid=\"1673\"><strong data-trid=\"1674\">Schlussbestimmungen<\/strong><\/h2><p data-trid=\"1675\">In allen F\u00e4llen, die nicht durch diese Bedingungen und Garantien abgedeckt sind, liegt die Entscheidung allein bei CoolVaria.<\/p><h2 data-trid=\"1676\"><strong data-trid=\"1677\">Mit Beschwerden umgehen<\/strong><\/h2><p data-trid=\"1678\">Wenn bei einem bestellten Produkt ein Problem auftritt, empfehlen wir Ihnen, wie folgt vorzugehen: Sie m\u00fcssen uns eine E-Mail senden, in der Sie die Beschwerde beschreiben und Ihre Rechnungsdaten angeben. Das Produkt muss an CoolVaria in Utrecht geliefert oder versendet werden. Die Versandkosten tr\u00e4gt der Kunde. Nach der Reparatur wird das Produkt ohne zus\u00e4tzliche Kosten an den Kunden zur\u00fcckgesandt.<\/p><h2 data-trid=\"1679\"><strong data-trid=\"1680\">CoolVaria-Datenschutzrichtlinie<\/strong><\/h2><p data-trid=\"1681\">CoolVaria respektiert die Privatsph\u00e4re aller Nutzer seiner Website und stellt sicher, dass die uns zur Verf\u00fcgung gestellten pers\u00f6nlichen Daten vertraulich behandelt werden. Wir nutzen Ihre Daten, um Ihre Bestellung so schnell und effizient wie m\u00f6glich abzuwickeln. Ansonsten verwenden wir diese Daten nur mit Ihrer Einwilligung. CoolVaria wird Ihre pers\u00f6nlichen Daten nicht an Dritte verkaufen und sie nur an Dritte weitergeben, die an der Bearbeitung Ihrer Bestellung beteiligt sind.<\/p><p class=\"gt-block\" data-trid=\"1682\"><strong data-trid=\"1683\">CoolVaria verwendet\u00a0<\/strong><strong data-trid=\"1684\">die gesammelten Informationen, um seinen Kunden die folgenden Dienstleistungen anzubieten:<\/strong><br data-trid=\"1685\" \/>Wenn Sie eine Bestellung aufgeben, ben\u00f6tigen wir Ihren Namen, Ihre E-Mail-Adresse, Ihre Lieferadresse und Ihre Zahlungsdaten, um Ihre Bestellung zu bearbeiten und Sie \u00fcber den Fortschritt auf dem Laufenden zu halten.<\/p><p class=\"gt-block\" data-trid=\"1686\">Mit Ihrer Einwilligung nutzen wir Ihre Daten, um Sie \u00fcber die Entwicklung unserer Website sowie \u00fcber Sonderangebote und Aktionen zu informieren. Wenn Sie nicht mehr auf dem Laufenden gehalten werden m\u00f6chten, k\u00f6nnen Sie uns eine E-Mail mit entsprechendem Hinweis senden\u00a0<a href=\"mailto:info@CoolVaria.com\" data-trid=\"1687\">info@CoolVaria.com<\/a>.<\/p><p data-trid=\"1688\">Daten \u00fcber die Nutzung unserer Website und Feedback, das wir von Besuchern erhalten, helfen uns, unsere Website weiterzuentwickeln und zu verbessern.<\/p><p class=\"gt-block\" data-trid=\"1689\"><strong data-trid=\"1690\">CoolVaria verkauft Ihre pers\u00f6nlichen Daten nicht.<\/strong><\/p><p data-trid=\"1691\">CoolVaria wird Ihre pers\u00f6nlichen Daten nicht an Dritte verkaufen und sie nur an Dritte weitergeben, die an der Bearbeitung Ihrer Bestellung beteiligt sind. Unsere Mitarbeiter und von uns beauftragte Dritte sind auf die Vertraulichkeit Ihrer personenbezogenen Daten verpflichtet.<\/p><p class=\"gt-block\" data-trid=\"1692\"><strong data-trid=\"1693\">Ihre pers\u00f6nlichen Daten sind bei CoolVaria sicher.<\/strong><\/p><p data-trid=\"1694\">Wir wissen das Vertrauen, das Sie uns entgegenbringen, zu sch\u00e4tzen und gehen daher sorgf\u00e4ltig mit Ihren personenbezogenen Daten um. Aus technischen und betrieblichen Gr\u00fcnden kann es erforderlich sein, Ihre Daten an Server von CoolVaria-Tochterunternehmen in den Niederlanden zu \u00fcbertragen. Ihre Daten werden jederzeit gesch\u00fctzt und vertraulich behandelt.<\/p><h2 data-trid=\"1695\"><strong data-trid=\"1696\">Cookies<\/strong><\/h2><p data-trid=\"1697\">Cookies sind kleine Informationseinheiten, die von Ihrem Browser auf Ihrem Computer gespeichert werden. CoolVaria verwendet Cookies, um Sie bei Ihrem n\u00e4chsten Besuch wiederzuerkennen. Cookies erm\u00f6glichen es uns, Informationen \u00fcber die Nutzung unserer Dienste zu sammeln und diese zu verbessern und an die W\u00fcnsche unserer Besucher anzupassen. Unsere Cookies liefern Informationen zur pers\u00f6nlichen Identifizierung. Sie k\u00f6nnen Ihren Browser so einstellen, dass CoolVaria w\u00e4hrend Ihres Einkaufserlebnisses auf seiner Website keine Cookies erh\u00e4lt.<\/p><p data-trid=\"1698\">Wenn Sie Fragen zur Datenschutzrichtlinie von CoolVaria haben, k\u00f6nnen Sie uns eine E-Mail senden. Unser Kundenservice hilft Ihnen gerne weiter, wenn Sie Auskunft \u00fcber Ihre Daten ben\u00f6tigen oder diese \u00e4ndern m\u00f6chten.<\/p><h2 data-trid=\"1699\"><strong data-trid=\"1700\">Kontakt-, Mehrwertsteuer-, Bank- und Handelskammerdaten<\/strong><\/h2><p class=\"gt-block\" data-trid=\"1701\">CoolVaria ist Teil von PT-S International BV.<br data-trid=\"1702\" \/>Ravenswade 150R<br data-trid=\"1703\" \/>3429LD Nieuwegein<br data-trid=\"1704\" \/>Die Niederlande<br data-trid=\"1705\" \/>E-Mail: info@pt-s.com<\/p><p data-trid=\"1706\">MwSt.: NL-805085841B01<\/p><p class=\"gt-block\" data-trid=\"1707\">ABNAMRO 58.91.18.501<br data-trid=\"1708\" \/>BIC: ABNANL2A<br data-trid=\"1709\" \/>Iban: nl44abna0589118501<\/p><p data-trid=\"1710\">Handelskammer (Utrecht): 30135783<\/p><p data-trid=\"1712\"><!-- \/wp:paragraph --><\/p>\t\t\t\t\t\t<\/div>\n\t\t\t\t<\/div>\n\t\t\t\t\t<\/div>\n\t\t<\/div>\n\t\t\t\t\t\t\t<\/div>\n\t\t<\/section>\n\t\t\t\t\t\t\t<\/div>","protected":false},"excerpt":{"rendered":"<p>1. Diese Bedingungen gelten f\u00fcr alle Vertr\u00e4ge mit allen Unternehmen, Institutionen und Personen, die mit CoolVaria.2 in Kontakt stehen. Alle Projekte werden unter folgenden Bedingungen durchgef\u00fchrt,\u2026<\/p>","protected":false},"author":617,"featured_media":0,"parent":0,"menu_order":0,"comment_status":"closed","ping_status":"closed","template":"","meta":{"_sitemap_exclude":false,"_sitemap_priority":"","_sitemap_frequency":"","footnotes":""},"class_list":["post-3","page","type-page","status-publish","hentry"],"_links":{"self":[{"href":"https:\/\/coolvaria.com\/de\/wp-json\/wp\/v2\/pages\/3","targetHints":{"allow":["GET"]}}],"collection":[{"href":"https:\/\/coolvaria.com\/de\/wp-json\/wp\/v2\/pages"}],"about":[{"href":"https:\/\/coolvaria.com\/de\/wp-json\/wp\/v2\/types\/page"}],"author":[{"embeddable":true,"href":"https:\/\/coolvaria.com\/de\/wp-json\/wp\/v2\/users\/617"}],"replies":[{"embeddable":true,"href":"https:\/\/coolvaria.com\/de\/wp-json\/wp\/v2\/comments?post=3"}],"version-history":[{"count":59,"href":"https:\/\/coolvaria.com\/de\/wp-json\/wp\/v2\/pages\/3\/revisions"}],"predecessor-version":[{"id":10752,"href":"https:\/\/coolvaria.com\/de\/wp-json\/wp\/v2\/pages\/3\/revisions\/10752"}],"wp:attachment":[{"href":"https:\/\/coolvaria.com\/de\/wp-json\/wp\/v2\/media?parent=3"}],"curies":[{"name":"wp","href":"https:\/\/api.w.org\/{rel}","templated":true}]}}