{"id":2400,"date":"2017-01-29T22:51:09","date_gmt":"2017-01-29T22:51:09","guid":{"rendered":"http:\/\/demo.uix.store\/sober\/?page_id=2400"},"modified":"2026-01-07T10:51:00","modified_gmt":"2026-01-07T09:51:00","slug":"leveringsvoorwaarden","status":"publish","type":"page","link":"https:\/\/coolvaria.com\/de\/lieferbedingungen\/","title":{"rendered":"Lieferbedingungen"},"content":{"rendered":"<div data-elementor-type=\"wp-page\" data-elementor-id=\"2400\" class=\"elementor elementor-2400\">\n\t\t\t\t\t\t\t\t\t<section class=\"elementor-section elementor-top-section elementor-element elementor-element-7260f29 elementor-section-boxed elementor-section-height-default elementor-section-height-default\" data-id=\"7260f29\" data-element_type=\"section\">\n\t\t\t\t\t\t<div class=\"elementor-container elementor-column-gap-default\">\n\t\t\t\t\t<div class=\"elementor-column elementor-col-100 elementor-top-column elementor-element elementor-element-752b7dd\" data-id=\"752b7dd\" data-element_type=\"column\">\n\t\t\t<div class=\"elementor-widget-wrap elementor-element-populated\">\n\t\t\t\t\t\t\t\t<div class=\"elementor-element elementor-element-effbfb7 elementor-widget elementor-widget-text-editor\" data-id=\"effbfb7\" data-element_type=\"widget\" data-widget_type=\"text-editor.default\">\n\t\t\t\t<div class=\"elementor-widget-container\">\n\t\t\t<style>\/*! elementor - v3.17.0 - 01-11-2023 *\/\n.elementor-widget-text-editor.elementor-drop-cap-view-stacked .elementor-drop-cap{background-color:#69727d;color:#fff}.elementor-widget-text-editor.elementor-drop-cap-view-framed .elementor-drop-cap{color:#69727d;border:3px solid;background-color:transparent}.elementor-widget-text-editor:not(.elementor-drop-cap-view-default) .elementor-drop-cap{margin-top:8px}.elementor-widget-text-editor:not(.elementor-drop-cap-view-default) .elementor-drop-cap-letter{width:1em;height:1em}.elementor-widget-text-editor .elementor-drop-cap{float:left;text-align:center;line-height:1;font-size:50px}.elementor-widget-text-editor .elementor-drop-cap-letter{display:inline-block}<\/style>\t\t\t\t<h2 data-trid=\"16959\"><strong data-trid=\"16960\">Lieferbedingungen von CoolVaria<\/strong><\/h2><p class=\"gt-block\" data-trid=\"16961\"><strong data-trid=\"16962\">Lieferzeit<\/strong>: Wenn wir angegeben haben, dass der Artikel auf Lager ist, bedeutet dies, dass wir den Artikel in unserem Lager haben und die Lieferung sofort (innerhalb von 24-48 Stunden) erfolgen kann.<\/p><p class=\"gt-block\" data-trid=\"16963\">Wir m\u00f6chten Sie darauf hinweisen, dass Sie selbst entscheiden k\u00f6nnen, an welchem Tag Ihr Klimaschrank geliefert werden kann (wir benachrichtigen Sie hier\u00fcber). Bei einer kleineren Bestellung \u00fcbernimmt dies ein Paketdienst und Sie erhalten von uns ein Track &amp; Trace.<\/p><p class=\"gt-block\" data-trid=\"16964\">Bezorging vindt plaats van maandag t\/m vrijdag overdag (tussen 08.00 \u2013 18.00 uur). Op de door u gekozen afleverdag ontvangt u, in de ochtend, een bericht (e-mail) van ons met daarin een indicatie van het tijdstip van bezorging. Indien er geleverd moet worden op \u00e9\u00e9n van de Waddeneilanden danwel <b><u>v\u00f3\u00f3r een bepaald tijdstip,<\/u><\/b> dan kunnen extra kosten worden berekend, vraag ons naar de mogelijkheden).<\/p><p data-trid=\"16965\">Erdgeschoss und Erdgescho\u00df sind versorgt (ohne Barrieren\/Hindernisse und tags\u00fcber und Parkplatz vor der T\u00fcr). Die Planung erfolgt durch den Spediteur am Vorabend der Zustellung. Am Zustelltag selbst, morgens, haben wir Angaben zu den Uhrzeiten (<u data-trid=\"16966\">Wir liefern tags\u00fcber von 8 bis 18 Uhr und von Montag bis Freitag<\/u>). Leider k\u00f6nnen wir Ihnen im Voraus keine Zeitangabe machen oder Ihnen mitteilen, dass die Zustellung am Vormittag oder Nachmittag erfolgt, da dies vom Zeitplan des Spediteurs abh\u00e4ngt und wir um Ihr Verst\u00e4ndnis bitten. <br data-trid=\"16967\" \/>Am Zustelltag selbst, gegen 8:30 Uhr, senden wir Ihnen eine Nachricht \u2013 E-Mail \u2013 mit einem Hinweis.<\/p><p data-trid=\"16965\">Eenmaal aangekomen zal de chauffeur zich melden en gezamenlijk met u bepalen waar de goederen gelost kunnen worden. U dient over goede losfaciliteiten te beschikken om de goederen te kunnen ontvangen en tevens dient de loslocatie veilig en goed bereikbaar te zijn voor de chauffeur. Hiermee wordt bedoelt dat het gevaar voor uitglijden, struikelen, misstappen etc. voorkomen wordt. Houd looppaden \/ werkvloer \/ werkplek \/ transportroutes \/ vluchtroutes opgeruimd en vrij van obstakels, sneeuw, ijs en losse tegels. Daarnaast dient de afstand tussen de loslocatie en tot waar de vrachtwagen kan komen niet groter te zijn dan 15 meter. Om een vlotte en veilige levering te kunnen blijven garanderen, vragen wij u vriendelijk om bij winterse omstandigheden de parking, toegangswegen en paden sneeuw- en ijsvrij te zijn. Een goed vrijgemaakte parking en toegangsroute zijn essentieel zodat de chauffeurs zonder risico kunnen manoeuvreren en de leveringen zonder vertraging kunnen plaatsvinden. Dit draagt bij aan de veiligheid van alle betrokkenen en aan de continu\u00efteit van de leveringen.<\/p><p data-trid=\"16968\">Wir \u00fcbernehmen keine Installation, sondern die Klimakammer ist komplett vorbereitet, sodass Sie nur noch den Karton entfernen und in die Steckdose stecken m\u00fcssen.<\/p><p class=\"gt-block\" data-trid=\"16981\"><strong data-trid=\"16982\">Allgemeine Lieferbedingungen\/Hinweise:<\/strong><br data-trid=\"16983\" \/>\u2013 Entfernen Sie alle Gegenst\u00e4nde, die die Lieferung behindern k\u00f6nnten (Schr\u00e4nke, Bilder, Lampen usw.). Decken Sie gef\u00e4hrdete B\u00f6den und W\u00e4nde ab und\/oder benachrichtigen Sie unsere Fahrer. Eine Zustellung erfolgt im Umkreis von wenigen Metern um die erste T\u00fcr (in Absprache mit dem Fahrer kann auch ein anderer Ort angeschaut werden \u2013 vom Fahrer selbst festzulegen und zu genehmigen).<br data-trid=\"16984\" \/>\u2013 F\u00fcr Sch\u00e4den, die nach der ersten T\u00fcr entstehen, k\u00f6nnen wir keine Haftung \u00fcbernehmen.\u00a0<br data-trid=\"16985\" \/>\u2013 Vermeiden Sie Stornogeb\u00fchren; Stellen Sie sicher, dass w\u00e4hrend des angegebenen Zeitraums jemand anwesend ist.<br data-trid=\"16986\" \/>\u2013 Wenn die Klimakammer nicht ins Innere gebracht werden kann und alternative Transportmittel (Flaschenzug oder Lift) verwendet werden m\u00fcssen, tr\u00e4gt der Kunde die volle Verantwortung f\u00fcr die damit verbundenen Risiken und Mehrkosten.<br data-trid=\"16987\" \/>\u2013 CoolVaria beh\u00e4lt sich das Recht vor, die Lieferung zu stornieren, wenn die Fahrer angeben, dass eine verantwortungsvolle Lieferung nicht garantiert werden kann. \u2013 Allf\u00e4llige Zusatzkosten (Transport- oder Liftkosten) gehen zu Lasten des Kunden.<br data-trid=\"16988\" \/>\u2013 Es ist m\u00f6glich, dass die Lieferung aufgrund des Verkehrs oder anderer unvorhergesehener Umst\u00e4nde nicht innerhalb der angegebenen Zeit erfolgt.<\/p><p class=\"gt-block\" data-trid=\"16981\">Sollten Sie bei Erhalt feststellen, dass die Lieferung nicht Ihrer Bestellung entspricht, kontaktieren Sie uns bitte umgehend unter info@coolvaria.com. Sie k\u00f6nnen uns auch eine E-Mail senden, wenn Sie Beschwerden jeglicher Art haben.<\/p><p class=\"gt-block\" data-trid=\"16969\">1. F\u00fcr alle unsere Produkte gelten die nachstehenden Liefer- und Zahlungsbedingungen. Alle Preise verstehen sich in Euro, sofern in den jeweiligen Produktinformationen nichts anderes angegeben ist. Wenn der Kunde nicht in dem Land ans\u00e4ssig ist, aus dem das Produkt versendet wird, ist der Kunde f\u00fcr die im Bestimmungsland anfallenden Umsatzsteuern oder Einfuhrz\u00f6lle verantwortlich (nur bei Lieferungen au\u00dferhalb der EU und bei einer Zollstelle in der EU zu pr\u00fcfen). Bestimmungsland).<\/p><p class=\"gt-block\" data-trid=\"16969\">2. Alle Angebote von CoolVaria sind freibleibend. Angebote unterliegen der Produktverf\u00fcgbarkeit. Im unwahrscheinlichen Fall, dass ein Produkt nicht verf\u00fcgbar ist, werden Sie umgehend per E-Mail oder Telefon benachrichtigt und erhalten m\u00f6glicherweise eine Alternative oder eine R\u00fcckerstattung per Bank\u00fcberweisung innerhalb von 5 Werktagen.<\/p><p class=\"gt-block\" data-trid=\"16969\">3. CoolVaria beh\u00e4lt sich das Recht vor, Preise zu \u00e4ndern und etwaige Tippfehler zu korrigieren. Sollten Sie von diesen Ma\u00dfnahmen betroffen sein, werden Sie per E-Mail benachrichtigt. Sie behalten sich dann das Recht vor, Ihre Bestellung zu stornieren.<\/p><p class=\"gt-block\" data-trid=\"16969\">4. Zusammengesetzte Angebote beinhalten keine Verpflichtung zur Lieferung eines Teils der Bestellung zu einem entsprechenden Teil des f\u00fcr die gesamte Bestellung angegebenen Preises.<\/p><p class=\"gt-block\" data-trid=\"16969\">5. F\u00fcr alle angebotenen Produkte gelten zus\u00e4tzlich zu den in den Online-Informationen genannten Produkten die \u00fcblichen und handels\u00fcblichen Toleranzen. Geringf\u00fcgige Abweichungen von Abbildungen und\/oder Beschreibungen in Online-Informationen behalten wir uns vor. Solche Abweichungen entbinden den Kunden nicht von seinen Verpflichtungen aus dem Vertrag.<\/p><p class=\"gt-block\" data-trid=\"16969\">6. Die in Angeboten enthaltenen oder mitgeteilten Bilder, Designs und Gr\u00f6\u00dfen stellen lediglich eine allgemeine Darstellung der angebotenen Produkte dar. Konstruktions\u00e4nderungen, die geringf\u00fcgig von der auf den Fotos, Designs oder Abmessungen dargestellten tats\u00e4chlichen Version abweichen, die technischen und \u00e4sthetischen Aspekte des Produkts jedoch nicht wesentlich ver\u00e4ndern, verpflichten CoolVaria nicht zu einer Entsch\u00e4digung und berechtigen den Kunden nicht zum Erhalt berechtigt, die gelieferte Ware zu verweigern.<\/p><p class=\"gt-block\" data-trid=\"16969\">7. Als allgemeine Zahlungsregel gilt, dass die Lieferung nach Zahlungseingang erfolgt, sofern nicht ausdr\u00fccklich etwas anderes vereinbart wurde. Die Zahlung kann per Bank\u00fcberweisung oder auf eine andere zwischen CoolVaria und dem K\u00e4ufer vereinbarte Weise erfolgen. Eine Lieferung gegen Rechnung ist nur m\u00f6glich, wenn dies ausdr\u00fccklich zwischen den Parteien vereinbart wurde. Bis zur vollst\u00e4ndigen Bezahlung des vereinbarten Betrages an CoolVaria bleibt die Sache Eigentum von CoolVaria.<\/p><p class=\"gt-block\" data-trid=\"16969\">8. Bei der Bestellung werden Sie um die Angabe folgender Informationen gebeten: Name, Adresse, Postleitzahl, Ort, Telefonnummer, E-Mail-Adresse und Zahlungsart. Eine Weitergabe Ihrer Daten an Dritte erfolgt nicht. Es gilt das Datenschutzgesetz. Die gesammelten Informationen werden zur Abwicklung von Bestellungen und zur Verbesserung Ihres zuk\u00fcnftigen Einkaufserlebnisses verwendet. Bei Bedarf nutzen wir Ihre Daten, um mit Ihnen in Kontakt zu treten. Finanzinformationen werden nur verwendet, um Ihnen die von Ihnen gekauften Produkte und Dienstleistungen in Rechnung zu stellen. Wir behalten uns das Recht vor, Ihre IP-Adresse zu protokollieren, falls Serverprobleme auftreten. Ihre IP-Adresse kann dazu verwendet werden, umfassende demografische Informationen zu sammeln, damit wir ein Besucherprofil erstellen und die Nutzung unserer Website bewerten k\u00f6nnen. Diese Informationen helfen uns, die Website weiterzuentwickeln, beispielsweise in Bezug auf Design und Layout. Sie k\u00f6nnen Ihre personenbezogenen Daten jederzeit anfordern und bei Bedarf \u00e4ndern oder l\u00f6schen. Die von uns erfassten Informationen werden f\u00fcr klar kommunizierte Zwecke verwendet. Informationen werden streng vertraulich behandelt. CoolVaria erfasst nur Daten, die f\u00fcr die Auftragsabwicklung und die Kommunikation mit dem Kunden erforderlich sind. CoolVaria wird Ihre Daten nicht f\u00fcr Werbezwecke verwenden, es sei denn, Sie erteilen Ihre ausdr\u00fcckliche Zustimmung oder stellt Ihre Daten Dritten zur Verf\u00fcgung, es sei denn, diese sind gesetzlich dazu verpflichtet.<\/p><p class=\"gt-block\" data-trid=\"16969\">9. Die Lieferzeit betr\u00e4gt zwischen 1 und 5 Werktagen; Dies ist ein Hinweis und keine genaue Frist. Wir k\u00f6nnen diese Fristen einhalten, da wir die Produkte auf Lager haben. Sollte ein Produkt unerwartet nicht vorr\u00e4tig sein, bieten wir Ihnen eine Alternative an. Sie erhalten eine E-Mail zur Best\u00e4tigung Ihrer Bestellung. CoolVaria haftet unter keinen Umst\u00e4nden f\u00fcr Sch\u00e4den, wenn die angegebene Lieferzeit nicht eingehalten wird.<\/p><p class=\"gt-block\" data-trid=\"16969\">10. CoolVaria versendet Bestellungen im Allgemeinen mit DPD, Postnl, UPS oder einem Transportunternehmen. Bestellungen, die auf andere Weise versendet werden, werden nur aufgegeben, wenn dies vereinbart ist und die Zahlung f\u00fcr das zu liefernde Produkt bei CoolVaria eingegangen ist.<\/p><p class=\"gt-block\" data-trid=\"16969\">11. CoolVaria kann Kosten f\u00fcr Lieferungen sowohl in die Niederlande als auch ins Ausland erheben, sofern nicht ausdr\u00fccklich etwas anderes angegeben ist.<\/p><p class=\"gt-block\" data-trid=\"16969\">12. Sollte der Artikel bei der Ankunft besch\u00e4digt sein (aufgrund des Transports), m\u00fcssen Sie uns dies innerhalb von 5 Tagen nach Erhalt schriftlich mitteilen.<\/p><p class=\"gt-block\" data-trid=\"16969\">13. Sie k\u00f6nnen Ihre Bestellung innerhalb von 14 Tagen stornieren, wenn Sie mit der Bestellung nicht zufrieden sind. Eine R\u00fccksendung des Produkts ist nur nach vorheriger Benachrichtigung an uns und nur in unge\u00f6ffneter Verpackung m\u00f6glich (R\u00fccksendekosten werden nicht erstattet, sofern nicht anders angegeben). Im Schadens- oder Verlustfall sorgt CoolVaria f\u00fcr die Lieferung neuer Ware. Sollte die bestellte Ware nicht mehr verf\u00fcgbar sein, werden Sie per E-Mail dar\u00fcber informiert. Die R\u00fcckerstattung erfolgt innerhalb von maximal 30 Tagen.<\/p><p class=\"gt-block\" data-trid=\"16981\">14. Allgemeine Lieferbedingungen\/Hinweise:<br data-trid=\"16983\" \/>\u2013 Entfernen Sie alle Gegenst\u00e4nde, die die Lieferung behindern k\u00f6nnten (Schr\u00e4nke, Bilder, Lampen usw.). Decken Sie gef\u00e4hrdete B\u00f6den und W\u00e4nde ab und\/oder benachrichtigen Sie unsere Fahrer. Eine Zustellung erfolgt im Umkreis von wenigen Metern um die erste T\u00fcr (in Absprache mit dem Fahrer kann auch ein anderer Ort angeschaut werden \u2013 vom Fahrer selbst festzulegen und zu genehmigen).<br data-trid=\"16984\" \/>\u2013 F\u00fcr Sch\u00e4den, die nach der ersten T\u00fcr entstehen, k\u00f6nnen wir keine Haftung \u00fcbernehmen.\u00a0<br data-trid=\"16985\" \/>\u2013 Vermeiden Sie Stornogeb\u00fchren; Stellen Sie sicher, dass w\u00e4hrend des angegebenen Zeitraums jemand anwesend ist.<br data-trid=\"16986\" \/>\u2013 Wenn die Klimakammer nicht ins Innere gebracht werden kann und alternative Transportmittel (Flaschenzug oder Lift) verwendet werden m\u00fcssen, tr\u00e4gt der Kunde die volle Verantwortung f\u00fcr die damit verbundenen Risiken und Mehrkosten.<br data-trid=\"16987\" \/>\u2013 CoolVaria beh\u00e4lt sich das Recht vor, die Lieferung zu stornieren, wenn die Fahrer angeben, dass eine verantwortungsvolle Lieferung nicht garantiert werden kann. \u2013 Allf\u00e4llige Zusatzkosten (Transport- oder Liftkosten) gehen zu Lasten des Kunden.<br data-trid=\"16988\" \/>\u2013 Es ist m\u00f6glich, dass die Lieferung aufgrund des Verkehrs oder anderer unvorhergesehener Umst\u00e4nde nicht innerhalb der angegebenen Zeit erfolgt.<\/p><p class=\"gt-block\" data-trid=\"16981\">Sollten Sie bei Erhalt feststellen, dass die Lieferung nicht Ihrer Bestellung entspricht, kontaktieren Sie uns bitte umgehend unter info@coolvaria.com. Sie k\u00f6nnen uns auch eine E-Mail senden, wenn Sie Beschwerden jeglicher Art haben.<\/p><h2 data-trid=\"16990\"><strong data-trid=\"16991\">\u00dcberschreitung der Lieferzeiten<\/strong><\/h2><p class=\"gt-block\" data-trid=\"16992\">1. Sofern nicht anders angegeben, betr\u00e4gt die l\u00e4ngste Lieferzeit 7 Tage nach Zahlungseingang. Bei \u00dcberschreitung dieser Frist wird die Gegenpartei schnellstm\u00f6glich informiert und ihr wird die M\u00f6glichkeit geboten, den Vertrag zu k\u00fcndigen oder die Bestellung zu stornieren.<\/p><p class=\"gt-block\" data-trid=\"16992\">2. Vorkommnisse beim Unternehmen oder bei einem seiner Zulieferer aufgrund h\u00f6herer Gewalt, wie zum Beispiel: Krieg, Mobilmachung, Aufruhr, \u00dcberschwemmungen, geschlossene Schifffahrts- und sonstige Verkehrshindernisse, Stagnation, entsprechende Einschr\u00e4nkungen bzw. Einstellung der \u00f6ffentlichen Versorgung, Feuer , Maschinenausfall und andere Unf\u00e4lle, Streiks, Aussperrungen, Arbeitsk\u00e4mpfe, die die Produktion unm\u00f6glich machen, staatliche Ma\u00dfnahmen, Nichtlieferung ben\u00f6tigter Materialien und Halbfabrikate durch Dritte an CoolVaria und andere unvorhergesehene Umst\u00e4nde, auch im Ursprungsland der Materialien und\/oder Halbfertigprodukte, die den normalen Gesch\u00e4ftsbetrieb st\u00f6ren und die Durchf\u00fchrung eines Projekts verz\u00f6gern oder unm\u00f6glich machen, befreien CoolVaria von der Einhaltung der vereinbarten Frist und von der Erf\u00fcllung seiner Verpflichtungen, ohne dass dem Kunden hieraus ein Anspruch auf Kosten- und Schadensersatz zusteht oder Interesse. Im Falle h\u00f6herer Gewalt wird CoolVaria den Kunden unverz\u00fcglich informieren! Leichnam. Innerhalb von acht Tagen nach dieser Mitteilung hat der Kunde das Recht, den Auftrag schriftlich zu stornieren, ist jedoch verpflichtet, CoolVaria den bereits abgeschlossenen Teil des Projekts zu erstatten.<\/p><p data-trid=\"16994\">Wenn Sie Fragen zu den Lieferrichtlinien von CoolVaria haben, rufen Sie uns bitte an oder senden Sie uns eine E-Mail. Unser Kundenservice hilft Ihnen gerne weiter, wenn Sie Informationen ben\u00f6tigen.<\/p><h2 data-trid=\"16995\">\u00a0<\/h2>\t\t\t\t\t\t<\/div>\n\t\t\t\t<\/div>\n\t\t\t\t\t<\/div>\n\t\t<\/div>\n\t\t\t\t\t\t\t<\/div>\n\t\t<\/section>\n\t\t\t\t\t\t\t<\/div>","protected":false},"excerpt":{"rendered":"<p>Lieferbedingungen von CoolVaria Lieferzeit: Wenn wir angegeben haben, dass der Artikel auf Lager ist, bedeutet dies, dass wir den Artikel in unserem Lager haben und dann sofort versenden k\u00f6nnen\u2026<\/p>","protected":false},"author":617,"featured_media":0,"parent":0,"menu_order":0,"comment_status":"closed","ping_status":"closed","template":"","meta":{"_sitemap_exclude":false,"_sitemap_priority":"","_sitemap_frequency":"","footnotes":""},"class_list":["post-2400","page","type-page","status-publish","hentry"],"_links":{"self":[{"href":"https:\/\/coolvaria.com\/de\/wp-json\/wp\/v2\/pages\/2400","targetHints":{"allow":["GET"]}}],"collection":[{"href":"https:\/\/coolvaria.com\/de\/wp-json\/wp\/v2\/pages"}],"about":[{"href":"https:\/\/coolvaria.com\/de\/wp-json\/wp\/v2\/types\/page"}],"author":[{"embeddable":true,"href":"https:\/\/coolvaria.com\/de\/wp-json\/wp\/v2\/users\/617"}],"replies":[{"embeddable":true,"href":"https:\/\/coolvaria.com\/de\/wp-json\/wp\/v2\/comments?post=2400"}],"version-history":[{"count":93,"href":"https:\/\/coolvaria.com\/de\/wp-json\/wp\/v2\/pages\/2400\/revisions"}],"predecessor-version":[{"id":10834,"href":"https:\/\/coolvaria.com\/de\/wp-json\/wp\/v2\/pages\/2400\/revisions\/10834"}],"wp:attachment":[{"href":"https:\/\/coolvaria.com\/de\/wp-json\/wp\/v2\/media?parent=2400"}],"curies":[{"name":"wp","href":"https:\/\/api.w.org\/{rel}","templated":true}]}}